{"id":79558,"date":"2018-04-18T09:01:04","date_gmt":"2018-04-18T09:01:04","guid":{"rendered":"http:\/\/www.pultrans.hu\/?page_id=79558"},"modified":"2018-06-13T10:27:08","modified_gmt":"2018-06-13T10:27:08","slug":"adatkezelesi-tajekoztato","status":"publish","type":"page","link":"https:\/\/www.pultrans.hu\/en\/adatkezelesi-tajekoztato\/","title":{"rendered":"(Magyar) Adatkezel\u00e9si t\u00e1j\u00e9koztat\u00f3"},"content":{"rendered":"<div class=\"wpb-content-wrapper\"><p>[vc_row][vc_column][vc_empty_space height=&#8221;50px&#8221;][\/vc_column][\/vc_row][vc_row][vc_column][vc_row_inner][vc_column_inner width=&#8221;1\/4&#8243;][vc_custom_heading text=&#8221;Privacy Policy<\/p>\n<p>&#8221; font_container=&#8221;tag:h6|text_align:center&#8221;][vc_single_image image=&#8221;79826&#8243; img_size=&#8221;medium&#8221; onclick=&#8221;custom_link&#8221; img_link_target=&#8221;_blank&#8221; link=&#8221;http:\/\/www.pultrans.hu\/wp-content\/uploads\/2018\/06\/Adatkezelesi_tajekoztato_Pultrans_Kft.pdf&#8221;][\/vc_column_inner][vc_column_inner width=&#8221;1\/4&#8243;][\/vc_column_inner][vc_column_inner width=&#8221;1\/4&#8243;][\/vc_column_inner][vc_column_inner width=&#8221;1\/4&#8243;][\/vc_column_inner][\/vc_row_inner][\/vc_column][\/vc_row]<\/p>\n<\/div>","protected":false},"excerpt":{"rendered":"<p>[vc_row][vc_column][vc_empty_space height=&#8221;50px&#8221;][\/vc_column][\/vc_row][vc_row][vc_column][vc_row_inner][vc_column_inner width=&#8221;1\/4&#8243;][vc_custom_heading text=&#8221;Privacy Policy &#8221; font_container=&#8221;tag:h6|text_align:center&#8221;][vc_single_image image=&#8221;79826&#8243; img_size=&#8221;medium&#8221; onclick=&#8221;custom_link&#8221; img_link_target=&#8221;_blank&#8221; link=&#8221;http:\/\/www.pultrans.hu\/wp-content\/uploads\/2018\/06\/Adatkezelesi_tajekoztato_Pultrans_Kft.pdf&#8221;][\/vc_column_inner][vc_column_inner width=&#8221;1\/4&#8243;][\/vc_column_inner][vc_column_inner width=&#8221;1\/4&#8243;][\/vc_column_inner][vc_column_inner width=&#8221;1\/4&#8243;][\/vc_column_inner][\/vc_row_inner][\/vc_column][\/vc_row]<\/p>\n","protected":false},"author":1,"featured_media":0,"parent":0,"menu_order":0,"comment_status":"closed","ping_status":"closed","template":"","meta":{"footnotes":""},"_links":{"self":[{"href":"https:\/\/www.pultrans.hu\/en\/wp-json\/wp\/v2\/pages\/79558"}],"collection":[{"href":"https:\/\/www.pultrans.hu\/en\/wp-json\/wp\/v2\/pages"}],"about":[{"href":"https:\/\/www.pultrans.hu\/en\/wp-json\/wp\/v2\/types\/page"}],"author":[{"embeddable":true,"href":"https:\/\/www.pultrans.hu\/en\/wp-json\/wp\/v2\/users\/1"}],"replies":[{"embeddable":true,"href":"https:\/\/www.pultrans.hu\/en\/wp-json\/wp\/v2\/comments?post=79558"}],"version-history":[{"count":13,"href":"https:\/\/www.pultrans.hu\/en\/wp-json\/wp\/v2\/pages\/79558\/revisions"}],"predecessor-version":[{"id":81201,"href":"https:\/\/www.pultrans.hu\/en\/wp-json\/wp\/v2\/pages\/79558\/revisions\/81201"}],"wp:attachment":[{"href":"https:\/\/www.pultrans.hu\/en\/wp-json\/wp\/v2\/media?parent=79558"}],"curies":[{"name":"wp","href":"https:\/\/api.w.org\/{rel}","templated":true}]}}