{"id":22,"date":"2015-06-24T07:48:45","date_gmt":"2015-06-24T07:48:45","guid":{"rendered":"http:\/\/transport.thememove.com\/?page_id=22"},"modified":"2025-04-08T07:47:22","modified_gmt":"2025-04-08T07:47:22","slug":"elerhetoseg-2","status":"publish","type":"page","link":"https:\/\/www.pultrans.hu\/en\/elerhetoseg-2\/","title":{"rendered":"Contact"},"content":{"rendered":"<div class=\"wpb-content-wrapper\"><p>[vc_row full_width=&#8221;stretch_row_content_no_spaces&#8221;][vc_column][vc_empty_space height=&#8221;20px&#8221;][vc_custom_heading text=&#8221;PULTRANS Vas\u00fati Sz\u00e1ll\u00edtm\u00e1nyoz\u00e1si Kft.&#8221; font_container=&#8221;tag:h2|text_align:left|color:%23111111&#8243; use_theme_fonts=&#8221;yes&#8221; el_class=&#8221;style3&#8243; css=&#8221;.vc_custom_1528178844958{margin-top: 20px !important;margin-bottom: 30px !important;margin-left: 10px !important;}&#8221;][vc_empty_space height=&#8221;60px&#8221;][\/vc_column][\/vc_row][vc_row full_width=&#8221;stretch_row_content_no_spaces&#8221; css=&#8221;.vc_custom_1435654014372{margin-top: -70px !important;margin-bottom: 70px !important;}&#8221;][vc_column width=&#8221;1\/2&#8243;][vc_column_text css=&#8221;.vc_custom_1737357294104{margin-left: 10px !important;}&#8221;]1135 Budapest, Di\u00f3s utca 10. 4. em. 1[\/vc_column_text][vc_column_text css=&#8221;.vc_custom_1623679688253{margin-left: 10px !important;}&#8221;]Telephone: (36-1) 368-9614[\/vc_column_text][vc_column_text css=&#8221;.vc_custom_1520073981511{margin-left: 10px !important;}&#8221;]E-mail:\u00a0pultrans@pultrans.hu\u00a0Internet:\u00a0www.pultrans.hu[\/vc_column_text][vc_custom_heading text=&#8221;Management:&#8221; font_container=&#8221;tag:h2|text_align:left|color:%23111111&#8243; use_theme_fonts=&#8221;yes&#8221; el_class=&#8221;style3&#8243; css=&#8221;.vc_custom_1520992097267{margin-bottom: 30px !important;margin-left: 10px !important;}&#8221;][vc_row_inner][vc_column_inner width=&#8221;1\/3&#8243;][vc_column_text css=&#8221;.vc_custom_1539690877552{margin-left: 10px !important;}&#8221;]<\/p>\n<p class=\"western\"><b><strong>Mr. G\u00e1bor Turi<\/strong><br \/>\nManaging Director<br \/>\n<\/b><b><a href=\"mailto:gabor.turi@pultrans.hu\">E-mail sending<\/a><\/b><\/p>\n<p>[\/vc_column_text][\/vc_column_inner][vc_column_inner width=&#8221;1\/3&#8243;][vc_column_text css=&#8221;.vc_custom_1539690892748{margin-left: 10px !important;}&#8221;]<strong>Mr. D\u00e1niel Nagy<br \/>\nHead of rail logistics and commercial\u00a0department<br \/>\n<a href=\"mailto:daniel.nagy@pultrans.hu\">E-mail sending<\/a><br \/>\n<\/strong>[\/vc_column_text][\/vc_column_inner][vc_column_inner width=&#8221;1\/3&#8243;][\/vc_column_inner][\/vc_row_inner][vc_custom_heading text=&#8221;Staff:&#8221; font_container=&#8221;tag:h2|text_align:left|color:%23111111&#8243; use_theme_fonts=&#8221;yes&#8221; el_class=&#8221;style3&#8243; css=&#8221;.vc_custom_1520992158867{margin-bottom: 30px !important;margin-left: 10px !important;}&#8221;][vc_row_inner][vc_column_inner width=&#8221;1\/3&#8243;][vc_column_text css=&#8221;.vc_custom_1595336697683{margin-left: 10px !important;}&#8221;]<\/p>\n<div class=\"\">\n<p><strong>Ms. \u00c9va Mikul\u00e1s<br \/>\nLogistics Back Office Operative<br \/>\n<a href=\"mailto:eva.mikulas@pultrans.hu\">E-mail sending<\/a><\/strong><\/p>\n<\/div>\n<p>[\/vc_column_text][\/vc_column_inner][vc_column_inner width=&#8221;1\/3&#8243;][vc_column_text css=&#8221;.vc_custom_1744098413480{margin-left: 10px !important;}&#8221;]<strong>Mrs. No\u00e9mi Nagy<\/strong><br \/>\n<strong>Logistics Coordinator<\/strong><br \/>\n<strong><a href=\"mailto:noemi.nagy@pultrans.hu\">E-mail sending<\/a><\/strong>[\/vc_column_text][\/vc_column_inner][vc_column_inner width=&#8221;1\/3&#8243;][vc_column_text css=&#8221;.vc_custom_1539690936467{margin-left: 10px !important;}&#8221;]<strong>Mr. L\u00e1szl\u00f3 Homoki<br \/>\nTechnical Manager<br \/>\n<a href=\"mailto:laszlo.homoki@pultrans.hu\">E-mail sending<\/a><\/strong>[\/vc_column_text][\/vc_column_inner][\/vc_row_inner][vc_row_inner][vc_column_inner width=&#8221;1\/3&#8243;][vc_column_text css=&#8221;.vc_custom_1539690950568{margin-left: 10px !important;}&#8221;]<strong>Mr. J\u00f3zsef Tam\u00e1s Imre<br \/>\nIT and Quality Development Manager<br \/>\n<a href=\"mailto:jozseftamas.imre@pultrans.hu\">E-mail sending<\/a><\/strong>[\/vc_column_text][\/vc_column_inner][vc_column_inner width=&#8221;1\/3&#8243;][vc_column_text css=&#8221;.vc_custom_1730188898872{margin-left: 10px !important;}&#8221;]<strong>Mrs. Vikt\u00f3ria Mikl\u00f3sn\u00e9 Mester<br \/>\nAccountant<br \/>\n<a href=\"mailto:viktoria.mester@pultrans.hu\">E-mail sending<\/a><\/strong>[\/vc_column_text][\/vc_column_inner][vc_column_inner width=&#8221;1\/3&#8243;][vc_column_text css=&#8221;.vc_custom_1601371311465{margin-left: 10px !important;}&#8221;]<strong>Mrs. Val\u00e9ria Bedenek<br \/>\nFinancial Assistant<br \/>\n<a href=\"mailto:valeria.bedenek@pultrans.hu\">E-mail sending<\/a><\/strong>[\/vc_column_text][\/vc_column_inner][\/vc_row_inner][vc_row_inner][vc_column_inner width=&#8221;1\/3&#8243;][vc_column_text css=&#8221;.vc_custom_1684154846850{margin-left: 10px !important;}&#8221;]<\/p>\n<div>\n<div dir=\"ltr\"><strong>Mrs. Nikolett Kov\u00e1cs-Tar<br \/>\n<\/strong><strong>Freight Wagon Maintenance Manager<\/strong><br \/>\n<strong><a href=\"mailto:nikolett.tar@pultrans.hu\">E-mail sending<\/a><\/strong><\/div>\n<\/div>\n<p>[\/vc_column_text][\/vc_column_inner][\/vc_row_inner][vc_column_text css=&#8221;.vc_custom_1520992272940{margin-left: 10px !important;}&#8221;]<strong>Hatvan workshop:<\/strong><\/p>\n<p>Address:\u00a0<strong>PULTRANS Vas\u00fati sz\u00e1ll\u00edtm\u00e1nyoz\u00e1si Kft. Hatvan<\/strong>\u00a03000 Hatvan, 26921\/1 hrsz.<br \/>\nTelephone\/Fax.:\u00a0(36-30) 3253958<\/p>\n<p>Technical Head:\u00a0<strong>Mr. Csaba K\u00f6vesdi<\/strong>[\/vc_column_text][\/vc_column][vc_column width=&#8221;1\/2&#8243;][thememove_gmaps address=&#8221;47.549089, 19.041796&#8243; map_height=&#8221;790&#8243; zoom_enable=&#8221;enable&#8221; map_style=&#8221;style1&#8243; marker_icon=&#8221;79297&#8243;][\/thememove_gmaps][\/vc_column][\/vc_row]<\/p>\n<\/div>","protected":false},"excerpt":{"rendered":"<p>[vc_row full_width=&#8221;stretch_row_content_no_spaces&#8221;][vc_column][vc_empty_space height=&#8221;20px&#8221;][vc_custom_heading text=&#8221;PULTRANS Vas\u00fati Sz\u00e1ll\u00edtm\u00e1nyoz\u00e1si Kft.&#8221; font_container=&#8221;tag:h2|text_align:left|color:%23111111&#8243; use_theme_fonts=&#8221;yes&#8221; el_class=&#8221;style3&#8243; css=&#8221;.vc_custom_1528178844958{margin-top: 20px !important;margin-bottom: 30px !important;margin-left: 10px !important;}&#8221;][vc_empty_space height=&#8221;60px&#8221;][\/vc_column][\/vc_row][vc_row full_width=&#8221;stretch_row_content_no_spaces&#8221; css=&#8221;.vc_custom_1435654014372{margin-top: [&hellip;]<\/p>\n","protected":false},"author":1,"featured_media":0,"parent":0,"menu_order":0,"comment_status":"closed","ping_status":"closed","template":"","meta":{"footnotes":""},"_links":{"self":[{"href":"https:\/\/www.pultrans.hu\/en\/wp-json\/wp\/v2\/pages\/22"}],"collection":[{"href":"https:\/\/www.pultrans.hu\/en\/wp-json\/wp\/v2\/pages"}],"about":[{"href":"https:\/\/www.pultrans.hu\/en\/wp-json\/wp\/v2\/types\/page"}],"author":[{"embeddable":true,"href":"https:\/\/www.pultrans.hu\/en\/wp-json\/wp\/v2\/users\/1"}],"replies":[{"embeddable":true,"href":"https:\/\/www.pultrans.hu\/en\/wp-json\/wp\/v2\/comments?post=22"}],"version-history":[{"count":196,"href":"https:\/\/www.pultrans.hu\/en\/wp-json\/wp\/v2\/pages\/22\/revisions"}],"predecessor-version":[{"id":81389,"href":"https:\/\/www.pultrans.hu\/en\/wp-json\/wp\/v2\/pages\/22\/revisions\/81389"}],"wp:attachment":[{"href":"https:\/\/www.pultrans.hu\/en\/wp-json\/wp\/v2\/media?parent=22"}],"curies":[{"name":"wp","href":"https:\/\/api.w.org\/{rel}","templated":true}]}}