{"id":19,"date":"2015-06-24T07:48:05","date_gmt":"2015-06-24T07:48:05","guid":{"rendered":"http:\/\/transport.thememove.com\/?page_id=19"},"modified":"2018-04-08T08:10:38","modified_gmt":"2018-04-08T08:10:38","slug":"bemutatkozas-2","status":"publish","type":"page","link":"https:\/\/www.pultrans.hu\/en\/bemutatkozas-2\/","title":{"rendered":"Presentation"},"content":{"rendered":"<div class=\"wpb-content-wrapper\"><p>[vc_row][vc_column][vc_empty_space height=&#8221;50px&#8221;][\/vc_column][\/vc_row][vc_row][vc_column][vc_custom_heading text=&#8221;PULTRANS Kft.&#8221; font_container=&#8221;tag:h2|font_size:24|text_align:left|color:%23111111&#8243; use_theme_fonts=&#8221;yes&#8221; el_class=&#8221;style3&#8243; css=&#8221;.vc_custom_1519936961512{margin-bottom: 40px !important;}&#8221;][vc_column_text el_class=&#8221;gray&#8221;]<strong>Pultrans Vas\u00fati Sz\u00e1ll\u00edtm\u00e1nyoz\u00e1si Kft. (Pultrans Railway Forwarding Ltd.) was founded on 1st June 1990 for serving the railway transport needs of the Hungarian building industry\u00a0<\/strong>Our Company operates 387 pieces of railway tank wagons of various types that can be discharged by compressed air, by which we deliver a large scale of powderized materials (cement, alumina, fly-ash, limestone dust, powderized lime, lime hydrate, soda-ash, feldspar, zeolite, mineral salt, etc.)<\/p>\n<p>&nbsp;<\/p>\n<p><strong>Our main services:<\/strong><\/p>\n<ul>\n<li>Organisation of railway and combined (mainly railway + road) transport<\/li>\n<li>Wagon leasing<\/li>\n<li>Logistic organisation<\/li>\n<\/ul>\n<p>&nbsp;<\/p>\n<p><strong>Our objectives:<\/strong><\/p>\n<ul>\n<li>Ecologically beneficial and safe transport at competitive prices<\/li>\n<li>Flexible, client-oriented service<\/li>\n<li>Fulfilling the individual needs of the partners<\/li>\n<\/ul>\n<p>The Budapest-centred Pultrans Kft. maintains maintenance workshop in Hatvan where we maintain and repair the wagons.<\/p>\n<p>The objective of our Company is to increase the proportion of railway transport within the delivery of powderized materials. The guarantee of our high-level service is our ISO certification that has existed since 1997. (EN ISO 9001:2015).<\/p>\n<p>Our mission is the wide-scale implementation of modern, environmentally friendly forwarding. The base of our value order is the long-term co-operation with our partners, insuring mutual advantages.<\/p>\n<p>We wish to build our future on the continuously developed wagon park and improving the level of service.[\/vc_column_text][\/vc_column][\/vc_row]<\/p>\n<\/div>","protected":false},"excerpt":{"rendered":"<p>[vc_row][vc_column][vc_empty_space height=&#8221;50px&#8221;][\/vc_column][\/vc_row][vc_row][vc_column][vc_custom_heading text=&#8221;PULTRANS Kft.&#8221; font_container=&#8221;tag:h2|font_size:24|text_align:left|color:%23111111&#8243; use_theme_fonts=&#8221;yes&#8221; el_class=&#8221;style3&#8243; css=&#8221;.vc_custom_1519936961512{margin-bottom: 40px !important;}&#8221;][vc_column_text el_class=&#8221;gray&#8221;]Pultrans Vas\u00fati Sz\u00e1ll\u00edtm\u00e1nyoz\u00e1si Kft. (Pultrans Railway Forwarding Ltd.) was founded [&hellip;]<\/p>\n","protected":false},"author":1,"featured_media":0,"parent":0,"menu_order":0,"comment_status":"closed","ping_status":"closed","template":"","meta":{"footnotes":""},"_links":{"self":[{"href":"https:\/\/www.pultrans.hu\/en\/wp-json\/wp\/v2\/pages\/19"}],"collection":[{"href":"https:\/\/www.pultrans.hu\/en\/wp-json\/wp\/v2\/pages"}],"about":[{"href":"https:\/\/www.pultrans.hu\/en\/wp-json\/wp\/v2\/types\/page"}],"author":[{"embeddable":true,"href":"https:\/\/www.pultrans.hu\/en\/wp-json\/wp\/v2\/users\/1"}],"replies":[{"embeddable":true,"href":"https:\/\/www.pultrans.hu\/en\/wp-json\/wp\/v2\/comments?post=19"}],"version-history":[{"count":52,"href":"https:\/\/www.pultrans.hu\/en\/wp-json\/wp\/v2\/pages\/19\/revisions"}],"predecessor-version":[{"id":81412,"href":"https:\/\/www.pultrans.hu\/en\/wp-json\/wp\/v2\/pages\/19\/revisions\/81412"}],"wp:attachment":[{"href":"https:\/\/www.pultrans.hu\/en\/wp-json\/wp\/v2\/media?parent=19"}],"curies":[{"name":"wp","href":"https:\/\/api.w.org\/{rel}","templated":true}]}}