{"id":81396,"date":"2025-05-13T09:38:59","date_gmt":"2025-05-13T09:38:59","guid":{"rendered":"https:\/\/www.pultrans.hu\/?page_id=81396"},"modified":"2025-10-10T12:45:18","modified_gmt":"2025-10-10T12:45:18","slug":"63-m%c2%b3","status":"publish","type":"page","link":"https:\/\/www.pultrans.hu\/de\/vagonpark\/63-m%c2%b3\/","title":{"rendered":"63 m\u00b3"},"content":{"rendered":"<div class=\"wpb-content-wrapper\"><p>[vc_row][vc_column][vc_empty_space height=&#8221;50px&#8221;][\/vc_column][\/vc_row][vc_row][vc_column width=&#8221;1\/2&#8243;][vc_single_image image=&#8221;81495&#8243; img_size=&#8221;large&#8221; style=&#8221;vc_box_rounded&#8221; onclick=&#8221;link_image&#8221; title=&#8221;63 m3 Uacs Tankwaggon f\u00fcr Sch\u00fcttgut (N43)&#8221;][\/vc_column][vc_column width=&#8221;1\/2&#8243;][vc_column_text]<strong>Der Bahnbeh\u00e4lterwaggon f\u00fcr Sch\u00fcttgut ist geeignet zum Transport von:<\/strong><\/p>\n<ul>\n<li>Zement, Kalksteinmehl, gemahlenem Kalkpulver, Gips, Flugasche,<\/li>\n<li>Soda, getrocknetem Sand, Feldspat, Eisensulfat, Bleioxyd,<\/li>\n<li>nat\u00fcrlichem und synthetischem Zeolith, Tonerde, Perlit,<\/li>\n<li>und allen anderen trockenen Pulvern oder feink\u00f6rnigen Granulaten.<\/li>\n<\/ul>\n<p>&nbsp;<\/p>\n<p><strong>Was man zum F\u00fcllen und Entleeren des Pulvers wissen muss:<\/strong><\/p>\n<ul>\n<li>Die Entleerungsdauer eines Waggons betr\u00e4gt, vom gelieferten Material und den Gegebenheiten am Entleerungsplatz abh\u00e4ngig, 50 \u2013 100 min.<\/li>\n<li>Die Anschlussstutzen der Entleerungsleitungen befinden sich unter, an beiden Seiten des Waggons.<\/li>\n<li>Die Materialversorgungsleitung muss separat an einer Stelle angeschlossen werden.<\/li>\n<li>Schnellschlussventile sind montiert.<\/li>\n<li>Das F\u00fcllen geschieht auf dem Gravitationsweg, der Durchmesser der F\u00fcll\u00f6ffnungen betr\u00e4gt 500 mm, die H\u00f6he \u2013 von der Schienenkrone gemessen \u2013 ca. 4278mm.<\/li>\n<\/ul>\n<p>&nbsp;<\/p>\n<p><strong>Download<\/strong><\/p>\n<table border=\"0\" width=\"100%\" cellspacing=\"0\" cellpadding=\"0\">\n<tbody>\n<tr>\n<td>Zweiseitiger unterer Entleerung<\/td>\n<td width=\"75\"><a href=\"https:\/\/www.pultrans.hu\/wp-content\/uploads\/2025\/05\/N43_2A_AT_n.pdf\" target=\"_blank\" rel=\"noopener\">Datenblatt<\/a><\/td>\n<td width=\"100\">\n<table width=\"95%\">\n<tbody>\n<tr>\n<td width=\"23%\"><a href=\"https:\/\/www.pultrans.hu\/wp-content\/uploads\/2025\/05\/N43_2A_T_n.pdf\" target=\"_blank\" rel=\"noopener\">Entleerungsanweisung<\/a><\/td>\n<\/tr>\n<\/tbody>\n<\/table>\n<\/td>\n<\/tr>\n<\/tbody>\n<\/table>\n<p>[\/vc_column_text][\/vc_column][\/vc_row]<\/p>\n<\/div>","protected":false},"excerpt":{"rendered":"<p>[vc_row][vc_column][vc_empty_space height=&#8221;50px&#8221;][\/vc_column][\/vc_row][vc_row][vc_column width=&#8221;1\/2&#8243;][vc_single_image image=&#8221;81495&#8243; img_size=&#8221;large&#8221; style=&#8221;vc_box_rounded&#8221; onclick=&#8221;link_image&#8221; title=&#8221;63 m3 Uacs Tankwaggon f\u00fcr Sch\u00fcttgut (N43)&#8221;][\/vc_column][vc_column width=&#8221;1\/2&#8243;][vc_column_text]Der Bahnbeh\u00e4lterwaggon f\u00fcr Sch\u00fcttgut ist geeignet [&hellip;]<\/p>\n","protected":false},"author":4,"featured_media":0,"parent":79043,"menu_order":0,"comment_status":"closed","ping_status":"closed","template":"","meta":{"footnotes":""},"_links":{"self":[{"href":"https:\/\/www.pultrans.hu\/de\/wp-json\/wp\/v2\/pages\/81396"}],"collection":[{"href":"https:\/\/www.pultrans.hu\/de\/wp-json\/wp\/v2\/pages"}],"about":[{"href":"https:\/\/www.pultrans.hu\/de\/wp-json\/wp\/v2\/types\/page"}],"author":[{"embeddable":true,"href":"https:\/\/www.pultrans.hu\/de\/wp-json\/wp\/v2\/users\/4"}],"replies":[{"embeddable":true,"href":"https:\/\/www.pultrans.hu\/de\/wp-json\/wp\/v2\/comments?post=81396"}],"version-history":[{"count":7,"href":"https:\/\/www.pultrans.hu\/de\/wp-json\/wp\/v2\/pages\/81396\/revisions"}],"predecessor-version":[{"id":81504,"href":"https:\/\/www.pultrans.hu\/de\/wp-json\/wp\/v2\/pages\/81396\/revisions\/81504"}],"up":[{"embeddable":true,"href":"https:\/\/www.pultrans.hu\/de\/wp-json\/wp\/v2\/pages\/79043"}],"wp:attachment":[{"href":"https:\/\/www.pultrans.hu\/de\/wp-json\/wp\/v2\/media?parent=81396"}],"curies":[{"name":"wp","href":"https:\/\/api.w.org\/{rel}","templated":true}]}}