{"id":80930,"date":"2021-05-18T07:40:04","date_gmt":"2021-05-18T07:40:04","guid":{"rendered":"https:\/\/www.pultrans.hu\/?page_id=80930"},"modified":"2025-05-21T12:50:43","modified_gmt":"2025-05-21T12:50:43","slug":"o47p-m3","status":"publish","type":"page","link":"https:\/\/www.pultrans.hu\/de\/vagonpark\/o47p-m3\/","title":{"rendered":"47 m\u00b3 (\u00d6sterreichisch)"},"content":{"rendered":"<div class=\"wpb-content-wrapper\"><p>[vc_row][vc_column][vc_empty_space height=&#8221;50px&#8221;][\/vc_column][\/vc_row][vc_row][vc_column width=&#8221;1\/2&#8243;][vc_single_image image=&#8221;80932&#8243; img_size=&#8221;large&#8221; style=&#8221;vc_box_rounded&#8221; onclick=&#8221;link_image&#8221; title=&#8221;47 m3 (\u00d6sterreichisch) Uacs Tankwaggon f\u00fcr Sch\u00fcttgut (O43)&#8221;][\/vc_column][vc_column width=&#8221;1\/2&#8243;][vc_column_text]<strong>Der Bahnbeh\u00e4lterwaggon f\u00fcr Sch\u00fcttgut ist geeignet zum Transport von:<\/strong><\/p>\n<ul>\n<li>Zement, Kalksteinmehl, gemahlenem Kalkpulver, Gips, Flugasche,<\/li>\n<li>Soda, getrocknetem Sand, Feldspat, Eisensulfat, Bleioxyd,<\/li>\n<li>nat\u00fcrlichem und synthetischem Zeolith, Tonerde, Perlit,<\/li>\n<li>und allen anderen trockenen Pulvern oder feink\u00f6rnigen Granulaten.<\/li>\n<\/ul>\n<p>&nbsp;<\/p>\n<p><strong>Was man zum F\u00fcllen und Entleeren des Pulvers wissen muss:<\/strong><\/p>\n<ul>\n<li>Die Entleerungsdauer eines Waggons betr\u00e4gt, vom gelieferten Material und den Gegebenheiten am Entleerungsplatz abh\u00e4ngig, 60 \u2013 120 min.<\/li>\n<li>Die Anschlussstutzen der Entleerungsleitungen befinden sich an Ende des Waggons an den Bremsstellung.<\/li>\n<li>Die Materialleitungen m\u00fcssen zu jedem Tank getrennt angeschlossen werden.<\/li>\n<li>Schnellschlussventilen sind montiert.<\/li>\n<li>Das F\u00fcllen geschieht auf dem Gravitationsweg.<\/li>\n<li><\/li>\n<\/ul>\n<p>&nbsp;<\/p>\n<p><strong>Download<\/strong><\/p>\n<table width=\"100%\">\n<tbody>\n<tr>\n<td>Entleerung zur Bremsstellung ausgeleitet mit Zusatzluftleitung<\/td>\n<td width=\"75\">\n<table width=\"100%\">\n<tbody>\n<tr>\n<td width=\"566\"><a href=\"http:\/\/www.pultrans.hu\/wp-content\/uploads\/2021\/05\/O43W_AT_n_P.pdf\" target=\"_blank\" rel=\"noopener\">Datenblatt<\/a><\/td>\n<\/tr>\n<\/tbody>\n<\/table>\n<\/td>\n<td width=\"100\"><a href=\"http:\/\/www.pultrans.hu\/wp-content\/uploads\/2021\/05\/O43W_T_n_P.pdf\" target=\"_blank\" rel=\"noopener\">Entleerungsanweisung<\/a><\/td>\n<\/tr>\n<\/tbody>\n<\/table>\n<p>[\/vc_column_text][\/vc_column][\/vc_row]<\/p>\n<\/div>","protected":false},"excerpt":{"rendered":"<p>[vc_row][vc_column][vc_empty_space height=&#8221;50px&#8221;][\/vc_column][\/vc_row][vc_row][vc_column width=&#8221;1\/2&#8243;][vc_single_image image=&#8221;80932&#8243; img_size=&#8221;large&#8221; style=&#8221;vc_box_rounded&#8221; onclick=&#8221;link_image&#8221; title=&#8221;47 m3 (\u00d6sterreichisch) Uacs Tankwaggon f\u00fcr Sch\u00fcttgut (O43)&#8221;][\/vc_column][vc_column width=&#8221;1\/2&#8243;][vc_column_text]Der Bahnbeh\u00e4lterwaggon f\u00fcr Sch\u00fcttgut ist [&hellip;]<\/p>\n","protected":false},"author":4,"featured_media":0,"parent":79043,"menu_order":0,"comment_status":"closed","ping_status":"closed","template":"","meta":{"footnotes":""},"_links":{"self":[{"href":"https:\/\/www.pultrans.hu\/de\/wp-json\/wp\/v2\/pages\/80930"}],"collection":[{"href":"https:\/\/www.pultrans.hu\/de\/wp-json\/wp\/v2\/pages"}],"about":[{"href":"https:\/\/www.pultrans.hu\/de\/wp-json\/wp\/v2\/types\/page"}],"author":[{"embeddable":true,"href":"https:\/\/www.pultrans.hu\/de\/wp-json\/wp\/v2\/users\/4"}],"replies":[{"embeddable":true,"href":"https:\/\/www.pultrans.hu\/de\/wp-json\/wp\/v2\/comments?post=80930"}],"version-history":[{"count":9,"href":"https:\/\/www.pultrans.hu\/de\/wp-json\/wp\/v2\/pages\/80930\/revisions"}],"predecessor-version":[{"id":81420,"href":"https:\/\/www.pultrans.hu\/de\/wp-json\/wp\/v2\/pages\/80930\/revisions\/81420"}],"up":[{"embeddable":true,"href":"https:\/\/www.pultrans.hu\/de\/wp-json\/wp\/v2\/pages\/79043"}],"wp:attachment":[{"href":"https:\/\/www.pultrans.hu\/de\/wp-json\/wp\/v2\/media?parent=80930"}],"curies":[{"name":"wp","href":"https:\/\/api.w.org\/{rel}","templated":true}]}}