{"id":79055,"date":"2018-03-01T18:16:42","date_gmt":"2018-03-01T18:16:42","guid":{"rendered":"http:\/\/www.pultrans.hu\/?page_id=79055"},"modified":"2023-10-26T13:22:52","modified_gmt":"2023-10-26T13:22:52","slug":"52-m3","status":"publish","type":"page","link":"https:\/\/www.pultrans.hu\/de\/vagonpark\/52-m3\/","title":{"rendered":"52 m\u00b3 (slovak, leased)"},"content":{"rendered":"<div class=\"wpb-content-wrapper\"><p>[vc_row][vc_column][vc_empty_space height=&#8221;50px&#8221;][\/vc_column][\/vc_row][vc_row][vc_column width=&#8221;1\/2&#8243;][vc_single_image image=&#8221;79093&#8243; img_size=&#8221;large&#8221; style=&#8221;vc_box_rounded&#8221; onclick=&#8221;link_image&#8221; title=&#8221;52 m3 (Slovakisch, vermiete) Uacs Tankwaggon f\u00fcr Sch\u00fcttgut (S44)&#8221;][\/vc_column][vc_column width=&#8221;1\/2&#8243;][vc_column_text]<strong>Der Bahnbeh\u00e4lterwaggon f\u00fcr Sch\u00fcttgut ist geeignet zum Transport von:<\/strong><\/p>\n<ul>\n<li>Zement, Kalksteinmehl, gemahlenem Kalkpulver, Gips, Flugasche,<\/li>\n<li>Soda, getrocknetem Sand, Feldspat, Eisensulfat, Bleioxyd,<\/li>\n<li>nat\u00fcrlichem und synthetischem Zeolith, Tonerde, Perlit,<\/li>\n<li>und allen anderen trockenen Pulvern oder feink\u00f6rnigen Granulaten.<\/li>\n<\/ul>\n<p>&nbsp;<\/p>\n<p><strong>Was man zum F\u00fcllen und Entleeren des Pulvers wissen muss:<\/strong><\/p>\n<ul>\n<li>Die Entleerungsdauer eines Waggons betr\u00e4gt, vom gelieferten Material und den Gegebenheiten am Entleerungsplatz abh\u00e4ngig, 60 \u2013 120 min.<\/li>\n<li>Die Anschlussstutzen der Entleerungsleitungen befinden sich unter, an beiden Seiten des Waggons.<\/li>\n<li>Die Materialleitungen m\u00fcssen zu jedem Tank getrennt angeschlossen werden.<\/li>\n<li>Schnellschlussventile sind nicht montiert.<\/li>\n<li>Das F\u00fcllen geschieht auf dem Gravitationsweg<\/li>\n<\/ul>\n<p>&nbsp;<\/p>\n<p><strong>Download<\/strong><\/p>\n<p>Zweiseitiger unterer Entleerung<\/p>\n<table border=\"0\" width=\"100%\" cellspacing=\"0\" cellpadding=\"0\">\n<tbody>\n<tr>\n<td width=\"75\"><a href=\"http:\/\/www.pultrans.hu\/wp-content\/uploads\/2018\/05\/S442_AT_n.pdf\" target=\"_blank\">Datenblatt<\/a><\/td>\n<td width=\"100\">\n<table width=\"101%\">\n<tbody>\n<tr>\n<td width=\"22%\"><a href=\"http:\/\/www.pultrans.hu\/wp-content\/uploads\/2018\/05\/S442_T_n.pdf\" target=\"_blank\">Entleerungsanweisung<\/a><\/td>\n<\/tr>\n<\/tbody>\n<\/table>\n<\/td>\n<\/tr>\n<\/tbody>\n<\/table>\n<p>[\/vc_column_text][\/vc_column][\/vc_row]<\/p>\n<\/div>","protected":false},"excerpt":{"rendered":"<p>[vc_row][vc_column][vc_empty_space height=&#8221;50px&#8221;][\/vc_column][\/vc_row][vc_row][vc_column width=&#8221;1\/2&#8243;][vc_single_image image=&#8221;79093&#8243; img_size=&#8221;large&#8221; style=&#8221;vc_box_rounded&#8221; onclick=&#8221;link_image&#8221; title=&#8221;52 m3 (Slovakisch, vermiete) Uacs Tankwaggon f\u00fcr Sch\u00fcttgut (S44)&#8221;][\/vc_column][vc_column width=&#8221;1\/2&#8243;][vc_column_text]Der Bahnbeh\u00e4lterwaggon f\u00fcr Sch\u00fcttgut [&hellip;]<\/p>\n","protected":false},"author":1,"featured_media":0,"parent":79043,"menu_order":0,"comment_status":"closed","ping_status":"closed","template":"","meta":{"footnotes":""},"_links":{"self":[{"href":"https:\/\/www.pultrans.hu\/de\/wp-json\/wp\/v2\/pages\/79055"}],"collection":[{"href":"https:\/\/www.pultrans.hu\/de\/wp-json\/wp\/v2\/pages"}],"about":[{"href":"https:\/\/www.pultrans.hu\/de\/wp-json\/wp\/v2\/types\/page"}],"author":[{"embeddable":true,"href":"https:\/\/www.pultrans.hu\/de\/wp-json\/wp\/v2\/users\/1"}],"replies":[{"embeddable":true,"href":"https:\/\/www.pultrans.hu\/de\/wp-json\/wp\/v2\/comments?post=79055"}],"version-history":[{"count":26,"href":"https:\/\/www.pultrans.hu\/de\/wp-json\/wp\/v2\/pages\/79055\/revisions"}],"predecessor-version":[{"id":81240,"href":"https:\/\/www.pultrans.hu\/de\/wp-json\/wp\/v2\/pages\/79055\/revisions\/81240"}],"up":[{"embeddable":true,"href":"https:\/\/www.pultrans.hu\/de\/wp-json\/wp\/v2\/pages\/79043"}],"wp:attachment":[{"href":"https:\/\/www.pultrans.hu\/de\/wp-json\/wp\/v2\/media?parent=79055"}],"curies":[{"name":"wp","href":"https:\/\/api.w.org\/{rel}","templated":true}]}}