{"id":79034,"date":"2018-03-01T16:45:35","date_gmt":"2018-03-01T16:45:35","guid":{"rendered":"http:\/\/www.pultrans.hu\/?page_id=79034"},"modified":"2025-03-31T08:25:31","modified_gmt":"2025-03-31T08:25:31","slug":"tanusitvanyok","status":"publish","type":"page","link":"https:\/\/www.pultrans.hu\/de\/tanusitvanyok\/","title":{"rendered":"Zertifikate"},"content":{"rendered":"<div class=\"wpb-content-wrapper\"><p>[vc_row][vc_column][vc_empty_space height=&#8221;50px&#8221;][\/vc_column][\/vc_row][vc_row][vc_column][vc_row_inner][vc_column_inner width=&#8221;1\/4&#8243;][vc_custom_heading text=&#8221;Quality Policy&#8221; font_container=&#8221;tag:h6|text_align:center&#8221;][vc_single_image image=&#8221;79556&#8243; img_size=&#8221;medium&#8221; onclick=&#8221;custom_link&#8221; img_link_target=&#8221;_blank&#8221; link=&#8221;http:\/\/www.pultrans.hu\/wp-content\/uploads\/2018\/04\/Minpol_en.pdf&#8221;][\/vc_column_inner][vc_column_inner width=&#8221;1\/4&#8243;][vc_custom_heading text=&#8221;EN ISO 9001:2015&#8243; font_container=&#8221;tag:h6|text_align:center&#8221;][vc_single_image image=&#8221;81377&#8243; img_size=&#8221;medium&#8221; onclick=&#8221;custom_link&#8221; img_link_target=&#8221;_blank&#8221; link=&#8221;https:\/\/www.pultrans.hu\/wp-content\/uploads\/2025\/03\/Certificate_2025-3.jpg&#8221;][\/vc_column_inner][vc_column_inner width=&#8221;1\/4&#8243;][vc_custom_heading text=&#8221;ECM (Entity in Charge of Maintenance &#8211; Karbantart\u00e1s\u00e9rt felel\u0151s szervezet)&#8221; font_container=&#8221;tag:h6|text_align:center&#8221;][vc_single_image image=&#8221;79863&#8243; img_size=&#8221;medium&#8221; onclick=&#8221;custom_link&#8221; img_link_target=&#8221;_blank&#8221; link=&#8221;http:\/\/www.pultrans.hu\/wp-content\/uploads\/2018\/07\/ECM_Pultrans.pdf&#8221;][\/vc_column_inner][vc_column_inner width=&#8221;1\/4&#8243;][vc_custom_heading text=&#8221;ECSL (Evaluation and Certification System for Logistic Enterprises)&#8221; font_container=&#8221;tag:h6|text_align:center&#8221;][vc_single_image image=&#8221;79545&#8243; img_size=&#8221;medium&#8221; onclick=&#8221;custom_link&#8221; img_link_target=&#8221;_blank&#8221; link=&#8221;http:\/\/www.pultrans.hu\/wp-content\/uploads\/2018\/03\/ECSL_Pultrans-1.pdf&#8221;][\/vc_column_inner][\/vc_row_inner][\/vc_column][\/vc_row]<\/p>\n<\/div>","protected":false},"excerpt":{"rendered":"<p>[vc_row][vc_column][vc_empty_space height=&#8221;50px&#8221;][\/vc_column][\/vc_row][vc_row][vc_column][vc_row_inner][vc_column_inner width=&#8221;1\/4&#8243;][vc_custom_heading text=&#8221;Quality Policy&#8221; font_container=&#8221;tag:h6|text_align:center&#8221;][vc_single_image image=&#8221;79556&#8243; img_size=&#8221;medium&#8221; onclick=&#8221;custom_link&#8221; img_link_target=&#8221;_blank&#8221; link=&#8221;http:\/\/www.pultrans.hu\/wp-content\/uploads\/2018\/04\/Minpol_en.pdf&#8221;][\/vc_column_inner][vc_column_inner width=&#8221;1\/4&#8243;][vc_custom_heading text=&#8221;EN ISO 9001:2015&#8243; font_container=&#8221;tag:h6|text_align:center&#8221;][vc_single_image image=&#8221;81377&#8243; img_size=&#8221;medium&#8221; onclick=&#8221;custom_link&#8221; img_link_target=&#8221;_blank&#8221; [&hellip;]<\/p>\n","protected":false},"author":1,"featured_media":0,"parent":0,"menu_order":0,"comment_status":"closed","ping_status":"closed","template":"","meta":{"footnotes":""},"_links":{"self":[{"href":"https:\/\/www.pultrans.hu\/de\/wp-json\/wp\/v2\/pages\/79034"}],"collection":[{"href":"https:\/\/www.pultrans.hu\/de\/wp-json\/wp\/v2\/pages"}],"about":[{"href":"https:\/\/www.pultrans.hu\/de\/wp-json\/wp\/v2\/types\/page"}],"author":[{"embeddable":true,"href":"https:\/\/www.pultrans.hu\/de\/wp-json\/wp\/v2\/users\/1"}],"replies":[{"embeddable":true,"href":"https:\/\/www.pultrans.hu\/de\/wp-json\/wp\/v2\/comments?post=79034"}],"version-history":[{"count":52,"href":"https:\/\/www.pultrans.hu\/de\/wp-json\/wp\/v2\/pages\/79034\/revisions"}],"predecessor-version":[{"id":81382,"href":"https:\/\/www.pultrans.hu\/de\/wp-json\/wp\/v2\/pages\/79034\/revisions\/81382"}],"wp:attachment":[{"href":"https:\/\/www.pultrans.hu\/de\/wp-json\/wp\/v2\/media?parent=79034"}],"curies":[{"name":"wp","href":"https:\/\/api.w.org\/{rel}","templated":true}]}}