{"id":75138,"date":"2017-01-31T14:32:58","date_gmt":"2017-01-31T14:32:58","guid":{"rendered":"http:\/\/www.pultrans.hu\/?page_id=75138"},"modified":"2018-03-27T17:01:26","modified_gmt":"2018-03-27T17:01:26","slug":"kapcsolat-kozuti-szallitas","status":"publish","type":"page","link":"https:\/\/www.pultrans.hu\/de\/kapcsolat-kozuti-szallitas\/","title":{"rendered":"T\u00e4tigkeiten"},"content":{"rendered":"<div class=\"wpb-content-wrapper\"><p>[vc_row][vc_column][vc_column_text]<strong>Kombinierter Transport (Bahn + Landstra\u00dfe)<\/strong><\/p>\n<p>Der kombinierte Transport (Bahn + Landstra\u00dfe) verbindet die umweltschonende Wirkung des Bahntransportes mit der Beweglichkeit der LKW-s, die auf l\u00e4ngeren Strecken von wirtschaftlichem Vorteil sind. Mit dieser L\u00f6sung k\u00f6nnen die Waren schneller und flexibler als nur mit Landstra\u00dfentransport bef\u00f6rdert werden. Dank dem pers\u00f6nlichen Kontakt zwischen dem die Ware zustellenden Transporteur und dem Besteller, ist der Transport flexibel, gut organisierbar und zuverl\u00e4ssig. Nach Anspruch des K\u00e4ufers kann das umgeladene und ausgelieferte Material durch Abwiegung \u00fcberpr\u00fcft werden.<\/p>\n<p>Mit vorsorglicher Planung und entsprechender Organisierung k\u00f6nnen die auf dem Bahnhof tagelang stillstehenden Waggons auch als Lagerraum benutzt werden. Dies verringert den Investitionsanspruch und steigert die Sicherheit bei bestehender enger Silokapazit\u00e4t.<br \/>\nGr\u00f6\u00dfere Verbraucher k\u00f6nnen die Vorteile des Landstra\u00dfentransports und des kombinierten Transports miteinander verbinden, indem sie pro Tag eine Ladung an der Stra\u00dfe liefern und den Rest mit diesem Wagen aus den, auf dem n\u00e4chsten Bahnhof stillstehenden Waggons nach aktuellem Bedarf zum Standort transportieren. Mit der Anwendung der von der Pultrans Kft. entwickelten Hilfsmitteln und Technologien kann das Umf\u00fcllen staubfrei und ohne Materialverlust durchgef\u00fchrt werden.<\/p>\n<p>[\/vc_column_text][\/vc_column][\/vc_row]<\/p>\n<\/div>","protected":false},"excerpt":{"rendered":"<p>[vc_row][vc_column][vc_column_text]Kombinierter Transport (Bahn + Landstra\u00dfe) Der kombinierte Transport (Bahn + Landstra\u00dfe) verbindet die umweltschonende Wirkung des Bahntransportes mit der Beweglichkeit [&hellip;]<\/p>\n","protected":false},"author":1,"featured_media":0,"parent":0,"menu_order":0,"comment_status":"closed","ping_status":"closed","template":"","meta":{"footnotes":""},"_links":{"self":[{"href":"https:\/\/www.pultrans.hu\/de\/wp-json\/wp\/v2\/pages\/75138"}],"collection":[{"href":"https:\/\/www.pultrans.hu\/de\/wp-json\/wp\/v2\/pages"}],"about":[{"href":"https:\/\/www.pultrans.hu\/de\/wp-json\/wp\/v2\/types\/page"}],"author":[{"embeddable":true,"href":"https:\/\/www.pultrans.hu\/de\/wp-json\/wp\/v2\/users\/1"}],"replies":[{"embeddable":true,"href":"https:\/\/www.pultrans.hu\/de\/wp-json\/wp\/v2\/comments?post=75138"}],"version-history":[{"count":29,"href":"https:\/\/www.pultrans.hu\/de\/wp-json\/wp\/v2\/pages\/75138\/revisions"}],"predecessor-version":[{"id":79293,"href":"https:\/\/www.pultrans.hu\/de\/wp-json\/wp\/v2\/pages\/75138\/revisions\/79293"}],"wp:attachment":[{"href":"https:\/\/www.pultrans.hu\/de\/wp-json\/wp\/v2\/media?parent=75138"}],"curies":[{"name":"wp","href":"https:\/\/api.w.org\/{rel}","templated":true}]}}