{"id":75109,"date":"2017-01-28T17:49:18","date_gmt":"2017-01-28T17:49:18","guid":{"rendered":"http:\/\/www.pultrans.hu\/?page_id=75109"},"modified":"2018-03-29T16:14:53","modified_gmt":"2018-03-29T16:14:53","slug":"tevekenysegek-2","status":"publish","type":"page","link":"https:\/\/www.pultrans.hu\/de\/tevekenysegek-2\/","title":{"rendered":"T\u00e4tigkeiten"},"content":{"rendered":"<div class=\"wpb-content-wrapper\"><p>[vc_row][vc_column][vc_empty_space height=&#8221;50px&#8221;][\/vc_column][\/vc_row][vc_row][vc_column width=&#8221;1\/2&#8243;][vc_column_text]<strong>1. BAHNTRANSPORT VON SCH\u00dcTTGUT<\/strong><\/p>\n<p><strong>Transportf\u00e4hige Materialen:<\/strong><\/p>\n<ul>\n<li>Zement, Kalksteinmehl, Kalkhydrat, Kalkpulver, Gips<\/li>\n<li>Soda, Sand, Tonerde<\/li>\n<li>Flugasche, Zeolith, Perlit, Betonit<\/li>\n<li>Granulate, Salz, sonstige Pulver<\/li>\n<\/ul>\n<p>&nbsp;<\/p>\n<p><strong>Transportarten:<\/strong><\/p>\n<ul>\n<li>Direkttransport<br \/>\nF\u00fcr unsere Partner, die \u00fcber eine F\u00fcll- und Empfangsstelle an der Bahn verf\u00fcgen<\/li>\n<li><a href=\"http:\/\/www.pultrans.hu\/kapcsolat-kozuti-szallitas\">kombinierter Transport (Bahn + Stra\u00dfe)<\/a><br \/>\nAn Bahnh\u00f6fen oder Industriegleisen Umladen auf Stra\u00dfentankfahrzeuge, Stra\u00dfentransport zum Standort unserer Auftraggeber und Abf\u00fcllen in Silos, das Umf\u00fcllen wird mit Hilfe von Stra\u00dfenfahrzeugen unserer Subunternehmer oder unserer Auftraggeber vorgenommen<\/li>\n<\/ul>\n<p>&nbsp;<\/p>\n<p><strong>Lieferbereiche:<\/strong><\/p>\n<ul>\n<li>Inland<\/li>\n<li>Export-Import: Slowakei, Tschechien, Polen, sonstige EU L\u00e4nder Rum\u00e4nien, Bosnien-Herzegowina, Serbien-Montenegro, Kroatien, Bulgarien<\/li>\n<li>Transit<\/li>\n<\/ul>\n<p>[\/vc_column_text][\/vc_column][vc_column width=&#8221;1\/2&#8243;][vc_column_text]<strong>2. VERMIETEN VON BAHNWAGGONS<\/strong><\/p>\n<ul>\n<li>F\u00fcr den Transport von Sch\u00fcttgut f\u00fcr Pulverhersteller-, Vertreiber &#8211; -und Nutzer in ganz Europa, beziehungsweise f\u00fcr andere Transportunternehmen und Mietvermittlungsgesellschaften<\/li>\n<\/ul>\n<p>&nbsp;<\/p>\n<p><strong>3. LOGISTIKLEISTUNGEN<\/strong><\/p>\n<ul>\n<li>Fachliche Unterst\u00fctzung bei der Terminierung von Lieferungen<\/li>\n<li>Bestandverfolgung und \u00dcbergangsdeponierung (in Waggons)<\/li>\n<li>Ausarbeiten der komplexen logistischen Organisierung von betrieblichen Bahntransporten oder einzelner Transportaufgaben<\/li>\n<li>Genaue Informationsangabe f\u00fcr unsere Partner \u00fcber den momentanen Aufenthaltsort der Waggons<\/li>\n<li>Kostenlose fachliche Hilfe beim Errichten und bei der Inbetriebnahme von Pulverentleerungsanlagen<\/li>\n<\/ul>\n<p><strong>4. ALLGEMEINER TRANSPORT<\/strong><\/p>\n<ul>\n<li>F\u00fcr unsere Partner sichern wir Bahntransport f\u00fcr beliebige Waren, die mit dem Waggonpark der PULTRANS GmbH nicht transportiert werden k\u00f6nnen.<\/li>\n<\/ul>\n<p><strong>5. REPARATUR VON TANKWAGGONS<\/strong><\/p>\n<ul>\n<li>Reparatur, Instandhaltung, Reinigung und Umbau unserer eigenen oder sich in Fremdbesitz befindenden Tankwaggons je nach den Aufgaben<\/li>\n<li>Beseitigung technischer M\u00e4ngel im In- und Ausland (Beseitigung von M\u00e4ngeln an Tanks und Entleerungselementen)<\/li>\n<li>Zusammenarbeit mit den Reparaturwerkst\u00e4tten der Bahn (Beseitigung von Fehlern am Fahrzeuggestell, Drehgestell, R\u00e4dern usw.)<\/li>\n<\/ul>\n<p>[\/vc_column_text][\/vc_column][\/vc_row]<\/p>\n<\/div>","protected":false},"excerpt":{"rendered":"<p>[vc_row][vc_column][vc_empty_space height=&#8221;50px&#8221;][\/vc_column][\/vc_row][vc_row][vc_column width=&#8221;1\/2&#8243;][vc_column_text]1. BAHNTRANSPORT VON SCH\u00dcTTGUT Transportf\u00e4hige Materialen: Zement, Kalksteinmehl, Kalkhydrat, Kalkpulver, Gips Soda, Sand, Tonerde Flugasche, Zeolith, Perlit, Betonit [&hellip;]<\/p>\n","protected":false},"author":1,"featured_media":0,"parent":0,"menu_order":0,"comment_status":"closed","ping_status":"closed","template":"","meta":{"footnotes":""},"_links":{"self":[{"href":"https:\/\/www.pultrans.hu\/de\/wp-json\/wp\/v2\/pages\/75109"}],"collection":[{"href":"https:\/\/www.pultrans.hu\/de\/wp-json\/wp\/v2\/pages"}],"about":[{"href":"https:\/\/www.pultrans.hu\/de\/wp-json\/wp\/v2\/types\/page"}],"author":[{"embeddable":true,"href":"https:\/\/www.pultrans.hu\/de\/wp-json\/wp\/v2\/users\/1"}],"replies":[{"embeddable":true,"href":"https:\/\/www.pultrans.hu\/de\/wp-json\/wp\/v2\/comments?post=75109"}],"version-history":[{"count":29,"href":"https:\/\/www.pultrans.hu\/de\/wp-json\/wp\/v2\/pages\/75109\/revisions"}],"predecessor-version":[{"id":79479,"href":"https:\/\/www.pultrans.hu\/de\/wp-json\/wp\/v2\/pages\/75109\/revisions\/79479"}],"wp:attachment":[{"href":"https:\/\/www.pultrans.hu\/de\/wp-json\/wp\/v2\/media?parent=75109"}],"curies":[{"name":"wp","href":"https:\/\/api.w.org\/{rel}","templated":true}]}}