{"id":74560,"date":"2015-07-17T07:08:07","date_gmt":"2015-07-17T07:08:07","guid":{"rendered":"http:\/\/transport.thememove.com\/?page_id=74560"},"modified":"2018-05-07T15:11:07","modified_gmt":"2018-05-07T15:11:07","slug":"partnereink","status":"publish","type":"page","link":"https:\/\/www.pultrans.hu\/de\/partnereink\/","title":{"rendered":"Partner"},"content":{"rendered":"<div class=\"wpb-content-wrapper\"><p>[vc_row][vc_column][vc_empty_space height=&#8221;50px&#8221;][\/vc_column][\/vc_row][vc_row][vc_column][vc_custom_heading text=&#8221;unsere Auftraggeber:&#8221; font_container=&#8221;tag:h3|text_align:left&#8221;][vc_empty_space height=&#8221;50px&#8221;][\/vc_column][\/vc_row][vc_row][vc_column width=&#8221;1\/3&#8243;][vc_custom_heading text=&#8221;Petrolsped Kft.&#8221; font_container=&#8221;tag:h6|text_align:center&#8221; link=&#8221;url:http%3A%2F%2Fwww.petrolsped.hu%2F||target:%20_blank&#8221;][vc_single_image image=&#8221;79567&#8243; img_size=&#8221;medium&#8221; alignment=&#8221;center&#8221;][\/vc_column][vc_column width=&#8221;1\/3&#8243;][vc_custom_heading text=&#8221;MMV ZRT.&#8221; font_container=&#8221;tag:h6|text_align:center&#8221; link=&#8221;url:http%3A%2F%2Fwww.mmv.hu%2F||target:%20_blank&#8221;][vc_single_image image=&#8221;79568&#8243; img_size=&#8221;200*175&#8243;][\/vc_column][vc_column width=&#8221;1\/3&#8243;][vc_custom_heading text=&#8221;CRH&#8221; font_container=&#8221;tag:h6|text_align:center&#8221; link=&#8221;url:http%3A%2F%2Fwww.crh.com%2F||target:%20_blank&#8221;][vc_single_image image=&#8221;79218&#8243; img_size=&#8221;125*125&#8243; alignment=&#8221;center&#8221;][\/vc_column][\/vc_row][vc_row][vc_column width=&#8221;1\/3&#8243;][vc_custom_heading text=&#8221;M\u00e1trai Er\u0151m\u0171 ZRT.&#8221; font_container=&#8221;tag:h6|text_align:center&#8221; link=&#8221;url:http%3A%2F%2Fwww.mert.hu%2Fhu||target:%20_blank&#8221;][vc_single_image image=&#8221;79219&#8243; img_size=&#8221;full&#8221; alignment=&#8221;center&#8221;][\/vc_column][vc_column width=&#8221;1\/3&#8243;][vc_custom_heading text=&#8221;Motim Zrt.&#8221; font_container=&#8221;tag:h6|text_align:center&#8221; link=&#8221;url:http%3A%2F%2Fwww.motim.hu%2F||target:%20_blank&#8221;][vc_single_image image=&#8221;79221&#8243; img_size=&#8221;133*125&#8243; alignment=&#8221;center&#8221;][\/vc_column][vc_column width=&#8221;1\/3&#8243;][vc_custom_heading text=&#8221;Hydro Aluminium a.s.&#8221; font_container=&#8221;tag:h6|text_align:center&#8221; link=&#8221;url:https%3A%2F%2Fwww.hydro.com%2F||target:%20_blank&#8221;][vc_single_image image=&#8221;79220&#8243; img_size=&#8221;full&#8221; alignment=&#8221;center&#8221;][\/vc_column][\/vc_row][vc_row][vc_column width=&#8221;1\/3&#8243;][vc_custom_heading text=&#8221;O-I&#8221; font_container=&#8221;tag:h6|text_align:center&#8221; link=&#8221;url:http%3A%2F%2Fwww.o-i.com%2F||target:%20_blank&#8221;][vc_single_image image=&#8221;79224&#8243; img_size=&#8221;164*122&#8243; alignment=&#8221;center&#8221;][\/vc_column][vc_column width=&#8221;1\/3&#8243;][vc_custom_heading text=&#8221;Alumina d.o.o. Zvornik&#8221; font_container=&#8221;tag:h6|text_align:center&#8221; link=&#8221;url:http%3A%2F%2Fwww.aluminazv.ba%2F||target:%20_blank&#8221;][vc_single_image image=&#8221;79223&#8243; img_size=&#8221;medium&#8221; alignment=&#8221;center&#8221;][\/vc_column][vc_column width=&#8221;1\/3&#8243;][vc_custom_heading text=&#8221;Lafarge-Holcim&#8221; font_container=&#8221;tag:h6|text_align:center&#8221; link=&#8221;url:https%3A%2F%2Fwww.lafargeholcim.com%2F||target:%20_blank&#8221;][vc_single_image image=&#8221;79222&#8243; img_size=&#8221;medium&#8221; alignment=&#8221;center&#8221;][\/vc_column][\/vc_row][vc_row][vc_column][vc_empty_space height=&#8221;50px&#8221;][vc_custom_heading text=&#8221;Zusammenwirkende Partner:&#8221;][vc_empty_space height=&#8221;50px&#8221;][\/vc_column][\/vc_row][vc_row][vc_column width=&#8221;1\/3&#8243;][vc_custom_heading text=&#8221;M\u00c1V ZRt.&#8221; font_container=&#8221;tag:h6|text_align:center&#8221; link=&#8221;url:https%3A%2F%2Fwww.mavcsoport.hu%2F||target:%20_blank&#8221;][vc_single_image image=&#8221;79214&#8243; img_size=&#8221;medium&#8221; alignment=&#8221;center&#8221;][\/vc_column][vc_column width=&#8221;1\/3&#8243;][vc_custom_heading text=&#8221;Rail Cargo Hungaria&#8221; font_container=&#8221;tag:h6|text_align:center&#8221; link=&#8221;url:http%3A%2F%2Fwww.railcargo.hu%2Fhu%2F||target:%20_blank&#8221;][vc_single_image image=&#8221;79217&#8243; img_size=&#8221;medium&#8221; alignment=&#8221;center&#8221;][\/vc_column][vc_column width=&#8221;1\/3&#8243;][vc_custom_heading text=&#8221;M\u00c1V Vagon Kft.&#8221; font_container=&#8221;tag:h6|text_align:center&#8221; link=&#8221;url:http%3A%2F%2Fwww.mavvagon.hu%2F||target:%20_blank&#8221;][vc_single_image image=&#8221;79213&#8243; img_size=&#8221;291*125&#8243;][\/vc_column][\/vc_row][vc_row][vc_column][vc_empty_space height=&#8221;50px&#8221;][vc_custom_heading text=&#8221;Verb\u00e4nde:&#8221; font_container=&#8221;tag:h3|text_align:left&#8221;][vc_empty_space height=&#8221;50px&#8221;][\/vc_column][\/vc_row][vc_row][vc_column width=&#8221;1\/2&#8243;][vc_custom_heading text=&#8221;MVMSZ&#8221; font_container=&#8221;tag:h6|text_align:center&#8221; link=&#8221;url:http%3A%2F%2Fwww.mvmsz.hu%2F||target:%20_blank&#8221;][vc_single_image image=&#8221;79216&#8243; img_size=&#8221;234*125&#8243; alignment=&#8221;center&#8221;][\/vc_column][vc_column width=&#8221;1\/2&#8243;][vc_custom_heading text=&#8221;MLBKT&#8221; font_container=&#8221;tag:h6|text_align:center&#8221; link=&#8221;url:https%3A%2F%2Fobu.utdij.hu%2Faz-utdijrendszer-es-logisztikai-kihivasai%2F||target:%20_blank&#8221;][vc_single_image image=&#8221;79215&#8243; img_size=&#8221;195*121&#8243; alignment=&#8221;center&#8221;][\/vc_column][\/vc_row]<\/p>\n<\/div>","protected":false},"excerpt":{"rendered":"<p>[vc_row][vc_column][vc_empty_space height=&#8221;50px&#8221;][\/vc_column][\/vc_row][vc_row][vc_column][vc_custom_heading text=&#8221;unsere Auftraggeber:&#8221; font_container=&#8221;tag:h3|text_align:left&#8221;][vc_empty_space height=&#8221;50px&#8221;][\/vc_column][\/vc_row][vc_row][vc_column width=&#8221;1\/3&#8243;][vc_custom_heading text=&#8221;Petrolsped Kft.&#8221; font_container=&#8221;tag:h6|text_align:center&#8221; link=&#8221;url:http%3A%2F%2Fwww.petrolsped.hu%2F||target:%20_blank&#8221;][vc_single_image image=&#8221;79567&#8243; img_size=&#8221;medium&#8221; alignment=&#8221;center&#8221;][\/vc_column][vc_column width=&#8221;1\/3&#8243;][vc_custom_heading text=&#8221;MMV ZRT.&#8221; font_container=&#8221;tag:h6|text_align:center&#8221; link=&#8221;url:http%3A%2F%2Fwww.mmv.hu%2F||target:%20_blank&#8221;][vc_single_image image=&#8221;79568&#8243; [&hellip;]<\/p>\n","protected":false},"author":1,"featured_media":0,"parent":0,"menu_order":0,"comment_status":"open","ping_status":"open","template":"","meta":{"footnotes":""},"_links":{"self":[{"href":"https:\/\/www.pultrans.hu\/de\/wp-json\/wp\/v2\/pages\/74560"}],"collection":[{"href":"https:\/\/www.pultrans.hu\/de\/wp-json\/wp\/v2\/pages"}],"about":[{"href":"https:\/\/www.pultrans.hu\/de\/wp-json\/wp\/v2\/types\/page"}],"author":[{"embeddable":true,"href":"https:\/\/www.pultrans.hu\/de\/wp-json\/wp\/v2\/users\/1"}],"replies":[{"embeddable":true,"href":"https:\/\/www.pultrans.hu\/de\/wp-json\/wp\/v2\/comments?post=74560"}],"version-history":[{"count":81,"href":"https:\/\/www.pultrans.hu\/de\/wp-json\/wp\/v2\/pages\/74560\/revisions"}],"predecessor-version":[{"id":79731,"href":"https:\/\/www.pultrans.hu\/de\/wp-json\/wp\/v2\/pages\/74560\/revisions\/79731"}],"wp:attachment":[{"href":"https:\/\/www.pultrans.hu\/de\/wp-json\/wp\/v2\/media?parent=74560"}],"curies":[{"name":"wp","href":"https:\/\/api.w.org\/{rel}","templated":true}]}}